{"id":97,"date":"2016-07-27T22:08:04","date_gmt":"2016-07-27T22:08:04","guid":{"rendered":"https:\/\/weec2017.eco-learning.org\/?page_id=97"},"modified":"2017-05-24T23:46:21","modified_gmt":"2017-05-24T23:46:21","slug":"congress-themes","status":"publish","type":"page","link":"https:\/\/weec2017.eco-learning.org\/fr\/congress-themes\/","title":{"rendered":"Th\u00e8mes du congr\u00e8s"},"content":{"rendered":"<h1>Th\u00e8mes du congr\u00e8s<\/h1>\n<p>Le 9<sup>i\u00e8me<\/sup> congr\u00e8s mondial d\u2019\u00e9ducation relative \u00e0 l\u2019environnement (World environmental education congress \u2013 WEEC) se tiendra \u00e0 Vancouver, Canada, du 9 au 15 septembre 2017. Le titre du congr\u00e8s est Culture et Environnement : Tisser de nouveaux liens.\u00a0Ce th\u00e8me met l\u2019accent sur la nature multidisciplinaire de l\u2019\u00e9ducation relative \u00e0 l\u2019environnement (\u00c9RE) et sur le d\u00e9veloppement d\u2019une vision o\u00f9 la Culture et l\u2019Environnement peuvent \u00eatre ins\u00e9parable et possiblement se soutenir l\u2019un et l\u2019autre, soulignant le besoin d\u2019abandonner des conceptions par lesquelles tout se mesure ou est soumis au contr\u00f4le humain. Le r\u00e9el paradigme de la pens\u00e9e environnementale est l\u2019incertitude sur les voies \u00e0 suivre, en contrepartie des id\u00e9es qui \u00e9voquent le \u00ab progr\u00e8s \u00bb comme \u00e9tant in\u00e9vitable. Un changement de culture est \u00e9galement une condition\/exigence n\u00e9cessaire \u00e0 la reconstruction et \u00e0 la r\u00e9invention des relations avec la nature et pour s\u2019assurer d\u2019une existence durable. \u00a0Par cons\u00e9quent, le 9<sup>i\u00e8me<\/sup> congr\u00e8s mondial d\u2019\u00e9ducation relative \u00e0 l\u2019environnement sera un congr\u00e8s de mobilisation culturelle et environnementale.<\/p>\n<p>Le comit\u00e9 organisateur pour le congr\u00e8s est l\u2019Institut pour l\u2019apprentissage environnemental (Institute for Environmental Learning, IEL) en collaboration avec le secr\u00e9tariat permanent du WEEC. H\u00e9berg\u00e9 \u00e0 l\u2019Universit\u00e9 Simon Fraser, l\u2019IEL est une collaboration de chercheurs et de praticiens engag\u00e9s pour un apprentissage environnemental et durable de haute qualit\u00e9 en Colombie-Britannique. Nos membres viennent d\u2019institutions vari\u00e9es, dont les universit\u00e9s, les coll\u00e8ges, les \u00e9coles de quartier, les groupes communautaires, les organisations \u00e0 but non lucratif et les gouvernements provinciaux et r\u00e9gionaux.<\/p>\n<p>&nbsp;<\/p>\n<h3>Th\u00e8mes du congr\u00e8s<\/h3>\n<ul>\n<li>\u00c9ducation \u00e0 la petite enfance et \u00c9RE<\/li>\n<li>Approches \u00e9ducatives ax\u00e9es sur le lieu et apprentissage en plein air<\/li>\n<li>Architecture verte et design \u00e9cologique<\/li>\n<li>Approches fond\u00e9es sur les arts en \u00c9RE<\/li>\n<li>Agriculture et apprentissages par le jardinage<\/li>\n<li>Diversit\u00e9 mondiale et culturelle en \u00c9RE<\/li>\n<li>\u00c9cosyst\u00e8mes urbains<\/li>\n<li>Communication environnementale (et l\u2019incertitude)<\/li>\n<li>Savoirs autochtones et \u00c9RE<\/li>\n<li>Initiatives d\u2019apprentissages \u00e9thiques et Durabilit\u00e9<\/li>\n<li>Responsabilit\u00e9 sociale et activisme<\/li>\n<li>La nature comme professeur \/ La nature comme chercheur<\/li>\n<li>Politique mondiale et \u00c9RE<\/li>\n<li>Perspectives, d\u00e9fis et innovations en recherche<\/li>\n<\/ul>\n<p>NOTE : Cette liste susmentionn\u00e9e pr\u00e9sente une s\u00e9paration de th\u00e8mes souvent ins\u00e9parables et les th\u00e9matiques du congr\u00e8s ont besoin d\u2019\u00eatre consid\u00e9r\u00e9s comme interconnect\u00e9s. Autant que possible, les r\u00e9sum\u00e9s devraient pouvoir cr\u00e9er des liens entre les concepts s\u00e9lectionn\u00e9s. Les propositions doivent \u00eatre r\u00e9dig\u00e9es pour un public d\u2019enseignants\/\u00e9ducateurs ou de chercheurs (ou les deux).<\/p>\n","protected":false},"excerpt":{"rendered":"<p>Th\u00e8mes du congr\u00e8s Le 9i\u00e8me congr\u00e8s mondial d\u2019\u00e9ducation relative \u00e0 l\u2019environnement (World environmental education congress \u2013 WEEC) se tiendra \u00e0 Vancouver, Canada, du 9 au 15 septembre 2017. Le titre du congr\u00e8s est Culture et Environnement : Tisser de nouveaux liens.\u00a0Ce th\u00e8me met l\u2019accent sur la nature multidisciplinaire de l\u2019\u00e9ducation relative \u00e0 l\u2019environnement (\u00c9RE) et [&hellip;]<\/p>\n","protected":false},"author":2,"featured_media":0,"parent":0,"menu_order":0,"comment_status":"closed","ping_status":"closed","template":"","meta":{"footnotes":""},"class_list":["post-97","page","type-page","status-publish","hentry"],"translation":{"provider":"WPGlobus","version":"3.0.0","language":"fr","enabled_languages":["en","es","fr","zh"],"languages":{"en":{"title":true,"content":true,"excerpt":false},"es":{"title":true,"content":true,"excerpt":false},"fr":{"title":true,"content":true,"excerpt":false},"zh":{"title":false,"content":false,"excerpt":false}}},"_links":{"self":[{"href":"https:\/\/weec2017.eco-learning.org\/fr\/wp-json\/wp\/v2\/pages\/97","targetHints":{"allow":["GET"]}}],"collection":[{"href":"https:\/\/weec2017.eco-learning.org\/fr\/wp-json\/wp\/v2\/pages"}],"about":[{"href":"https:\/\/weec2017.eco-learning.org\/fr\/wp-json\/wp\/v2\/types\/page"}],"author":[{"embeddable":true,"href":"https:\/\/weec2017.eco-learning.org\/fr\/wp-json\/wp\/v2\/users\/2"}],"replies":[{"embeddable":true,"href":"https:\/\/weec2017.eco-learning.org\/fr\/wp-json\/wp\/v2\/comments?post=97"}],"version-history":[{"count":10,"href":"https:\/\/weec2017.eco-learning.org\/fr\/wp-json\/wp\/v2\/pages\/97\/revisions"}],"predecessor-version":[{"id":1952,"href":"https:\/\/weec2017.eco-learning.org\/fr\/wp-json\/wp\/v2\/pages\/97\/revisions\/1952"}],"wp:attachment":[{"href":"https:\/\/weec2017.eco-learning.org\/fr\/wp-json\/wp\/v2\/media?parent=97"}],"curies":[{"name":"wp","href":"https:\/\/api.w.org\/{rel}","templated":true}]}}